{"id":10,"date":"2016-03-08T16:49:11","date_gmt":"2016-03-08T16:49:11","guid":{"rendered":"http:\/\/www.asociacionigualar.org\/?page_id=10"},"modified":"2025-12-29T23:00:26","modified_gmt":"2025-12-29T22:00:26","slug":"inicio","status":"publish","type":"page","link":"https:\/\/www.asociacionigualar.org\/","title":{"rendered":"P\u00e1gina de inicio"},"content":{"rendered":"\t\t<div data-elementor-type=\"wp-page\" data-elementor-id=\"10\" class=\"elementor elementor-10\">\n\t\t\t\t\t\t<section class=\"elementor-section elementor-top-section elementor-element elementor-element-2a0602b1 elementor-section-boxed elementor-section-height-default elementor-section-height-default\" data-id=\"2a0602b1\" data-element_type=\"section\" data-e-type=\"section\">\n\t\t\t\t\t\t<div class=\"elementor-container elementor-column-gap-default\">\n\t\t\t\t\t<div class=\"elementor-column elementor-col-100 elementor-top-column elementor-element elementor-element-4db2a11e\" data-id=\"4db2a11e\" data-element_type=\"column\" data-e-type=\"column\">\n\t\t\t<div class=\"elementor-widget-wrap elementor-element-populated\">\n\t\t\t\t\t\t<div class=\"elementor-element elementor-element-38064ee2 elementor-widget elementor-widget-text-editor\" data-id=\"38064ee2\" data-element_type=\"widget\" data-e-type=\"widget\" data-widget_type=\"text-editor.default\">\n\t\t\t\t<div class=\"elementor-widget-container\">\n\t\t\t\t\t\t\t\t\t<p style=\"text-align: center;\"><img fetchpriority=\"high\" decoding=\"async\" id=\"longdesc-return-552\" class=\"wp-image-552\" tabindex=\"-1\" src=\"https:\/\/www.asociacionigualar.org\/wp-content\/uploads\/2017\/02\/Logo_-vertical-3-e1495920243189.png\" alt=\"logo\" width=\"282\" height=\"424\" longdesc=\"https:\/\/www.asociacionigualar.org?longdesc=552&amp;referrer=10\">&nbsp;<\/p>\n<div>\n<p>&nbsp;Logo de la Asociaci\u00f3n Igualar<\/p>\n<h2 style=\"text-align: center;\">Creada el 08 de Agosto de 2.008&nbsp;<\/h2>\n<h2 style=\"text-align: center;\">\u00a1\u00a1 TE DAMOS LA BIENVENIDA Y LAS GRACIAS POR VISITAR NUESTRA P\u00c1GINA WEB!!<\/h2>\n<p style=\"text-align: center;\">Nos complace enormemente tu inter\u00e9s por conocernos y queremos hacerte saber que IGUALAR es una asociaci\u00f3n independiente centrada en la realizaci\u00f3n de actividades relacionadas con el ocio totalmente accesible y adaptado para personas con diferentes discapacidades.<\/p>\n<p style=\"text-align: center;\">A continuaci\u00f3n encontrar\u00e1s toda la informaci\u00f3n sobre IGUALAR\u2026<\/p>\n<p style=\"text-align: center;\">\n<\/p><\/div>\t\t\t\t\t\t\t\t<\/div>\n\t\t\t\t<\/div>\n\t\t\t\t\t<\/div>\n\t\t<\/div>\n\t\t\t\t\t<\/div>\n\t\t<\/section>\n\t\t\t\t<\/div>\n\t\t","protected":false},"excerpt":{"rendered":"<p>&nbsp; &nbsp;Logo de la Asociaci\u00f3n Igualar Creada el 08 de Agosto de 2.008&nbsp; \u00a1\u00a1 TE DAMOS LA BIENVENIDA Y LAS GRACIAS POR VISITAR NUESTRA P\u00c1GINA WEB!! Nos complace enormemente tu inter\u00e9s por conocernos y queremos hacerte saber que IGUALAR es una asociaci\u00f3n independiente centrada en la realizaci\u00f3n de actividades relacionadas con el ocio totalmente accesible &hellip; <a href=\"https:\/\/www.asociacionigualar.org\/\" class=\"more-link\">Continuar leyendo<span class=\"screen-reader-text\"> \u00abP\u00e1gina de inicio\u00bb<\/span><\/a><\/p>\n","protected":false},"author":1,"featured_media":0,"parent":0,"menu_order":1,"comment_status":"closed","ping_status":"closed","template":"","meta":{"jetpack_post_was_ever_published":false,"_mc_calendar":[],"footnotes":""},"class_list":["post-10","page","type-page","status-publish","hentry"],"yoast_head":"<!-- This site is optimized with the Yoast SEO plugin v27.4 - https:\/\/yoast.com\/product\/yoast-seo-wordpress\/ -->\n<title>P\u00e1gina de inicio - Asociaci\u00f3n Igualar<\/title>\n<meta name=\"robots\" content=\"index, follow, max-snippet:-1, max-image-preview:large, max-video-preview:-1\" \/>\n<link rel=\"canonical\" href=\"https:\/\/www.asociacionigualar.org\/\" \/>\n<meta property=\"og:locale\" content=\"es_ES\" \/>\n<meta property=\"og:type\" content=\"article\" \/>\n<meta property=\"og:title\" content=\"P\u00e1gina de inicio - Asociaci\u00f3n Igualar\" \/>\n<meta property=\"og:description\" content=\"&nbsp; &nbsp;Logo de la Asociaci\u00f3n Igualar Creada el 08 de Agosto de 2.008&nbsp; \u00a1\u00a1 TE DAMOS LA BIENVENIDA Y LAS GRACIAS POR VISITAR NUESTRA P\u00c1GINA WEB!! Nos complace enormemente tu inter\u00e9s por conocernos y queremos hacerte saber que IGUALAR es una asociaci\u00f3n independiente centrada en la realizaci\u00f3n de actividades relacionadas con el ocio totalmente accesible &hellip; Continuar leyendo &quot;P\u00e1gina de inicio&quot;\" \/>\n<meta property=\"og:url\" content=\"https:\/\/www.asociacionigualar.org\/\" \/>\n<meta property=\"og:site_name\" content=\"Asociaci\u00f3n Igualar\" \/>\n<meta property=\"article:modified_time\" content=\"2025-12-29T22:00:26+00:00\" \/>\n<meta property=\"og:image\" content=\"http:\/\/www.asociacionigualar.org\/wp-content\/uploads\/2017\/02\/Logo_-vertical-3-e1495920243189.png\" \/>\n<meta name=\"twitter:card\" content=\"summary_large_image\" \/>\n<meta name=\"twitter:label1\" content=\"Tiempo de lectura\" \/>\n\t<meta name=\"twitter:data1\" content=\"1 minuto\" \/>\n<script type=\"application\/ld+json\" class=\"yoast-schema-graph\">{\"@context\":\"https:\\\/\\\/schema.org\",\"@graph\":[{\"@type\":\"WebPage\",\"@id\":\"https:\\\/\\\/www.asociacionigualar.org\\\/\",\"url\":\"https:\\\/\\\/www.asociacionigualar.org\\\/\",\"name\":\"P\u00e1gina de inicio - Asociaci\u00f3n Igualar\",\"isPartOf\":{\"@id\":\"https:\\\/\\\/www.asociacionigualar.org\\\/#website\"},\"primaryImageOfPage\":{\"@id\":\"https:\\\/\\\/www.asociacionigualar.org\\\/#primaryimage\"},\"image\":{\"@id\":\"https:\\\/\\\/www.asociacionigualar.org\\\/#primaryimage\"},\"thumbnailUrl\":\"http:\\\/\\\/www.asociacionigualar.org\\\/wp-content\\\/uploads\\\/2017\\\/02\\\/Logo_-vertical-3-e1495920243189.png\",\"datePublished\":\"2016-03-08T16:49:11+00:00\",\"dateModified\":\"2025-12-29T22:00:26+00:00\",\"breadcrumb\":{\"@id\":\"https:\\\/\\\/www.asociacionigualar.org\\\/#breadcrumb\"},\"inLanguage\":\"es\",\"potentialAction\":[{\"@type\":\"ReadAction\",\"target\":[\"https:\\\/\\\/www.asociacionigualar.org\\\/\"]}]},{\"@type\":\"ImageObject\",\"inLanguage\":\"es\",\"@id\":\"https:\\\/\\\/www.asociacionigualar.org\\\/#primaryimage\",\"url\":\"https:\\\/\\\/www.asociacionigualar.org\\\/wp-content\\\/uploads\\\/2017\\\/02\\\/Logo_-vertical-3-e1495920243189.png\",\"contentUrl\":\"https:\\\/\\\/www.asociacionigualar.org\\\/wp-content\\\/uploads\\\/2017\\\/02\\\/Logo_-vertical-3-e1495920243189.png\",\"width\":200,\"height\":300,\"caption\":\"logo\"},{\"@type\":\"BreadcrumbList\",\"@id\":\"https:\\\/\\\/www.asociacionigualar.org\\\/#breadcrumb\",\"itemListElement\":[{\"@type\":\"ListItem\",\"position\":1,\"name\":\"Portada\",\"item\":\"https:\\\/\\\/www.asociacionigualar.org\\\/\"},{\"@type\":\"ListItem\",\"position\":2,\"name\":\"P\u00e1gina de inicio\"}]},{\"@type\":\"WebSite\",\"@id\":\"https:\\\/\\\/www.asociacionigualar.org\\\/#website\",\"url\":\"https:\\\/\\\/www.asociacionigualar.org\\\/\",\"name\":\"Asociaci\u00f3n Igualar\",\"description\":\"Ocio para todos\",\"potentialAction\":[{\"@type\":\"SearchAction\",\"target\":{\"@type\":\"EntryPoint\",\"urlTemplate\":\"https:\\\/\\\/www.asociacionigualar.org\\\/?s={search_term_string}\"},\"query-input\":{\"@type\":\"PropertyValueSpecification\",\"valueRequired\":true,\"valueName\":\"search_term_string\"}}],\"inLanguage\":\"es\"}]}<\/script>\n<!-- \/ Yoast SEO plugin. -->","yoast_head_json":{"title":"P\u00e1gina de inicio - Asociaci\u00f3n Igualar","robots":{"index":"index","follow":"follow","max-snippet":"max-snippet:-1","max-image-preview":"max-image-preview:large","max-video-preview":"max-video-preview:-1"},"canonical":"https:\/\/www.asociacionigualar.org\/","og_locale":"es_ES","og_type":"article","og_title":"P\u00e1gina de inicio - Asociaci\u00f3n Igualar","og_description":"&nbsp; &nbsp;Logo de la Asociaci\u00f3n Igualar Creada el 08 de Agosto de 2.008&nbsp; \u00a1\u00a1 TE DAMOS LA BIENVENIDA Y LAS GRACIAS POR VISITAR NUESTRA P\u00c1GINA WEB!! Nos complace enormemente tu inter\u00e9s por conocernos y queremos hacerte saber que IGUALAR es una asociaci\u00f3n independiente centrada en la realizaci\u00f3n de actividades relacionadas con el ocio totalmente accesible &hellip; Continuar leyendo \"P\u00e1gina de inicio\"","og_url":"https:\/\/www.asociacionigualar.org\/","og_site_name":"Asociaci\u00f3n Igualar","article_modified_time":"2025-12-29T22:00:26+00:00","og_image":[{"url":"http:\/\/www.asociacionigualar.org\/wp-content\/uploads\/2017\/02\/Logo_-vertical-3-e1495920243189.png","type":"","width":"","height":""}],"twitter_card":"summary_large_image","twitter_misc":{"Tiempo de lectura":"1 minuto"},"schema":{"@context":"https:\/\/schema.org","@graph":[{"@type":"WebPage","@id":"https:\/\/www.asociacionigualar.org\/","url":"https:\/\/www.asociacionigualar.org\/","name":"P\u00e1gina de inicio - Asociaci\u00f3n Igualar","isPartOf":{"@id":"https:\/\/www.asociacionigualar.org\/#website"},"primaryImageOfPage":{"@id":"https:\/\/www.asociacionigualar.org\/#primaryimage"},"image":{"@id":"https:\/\/www.asociacionigualar.org\/#primaryimage"},"thumbnailUrl":"http:\/\/www.asociacionigualar.org\/wp-content\/uploads\/2017\/02\/Logo_-vertical-3-e1495920243189.png","datePublished":"2016-03-08T16:49:11+00:00","dateModified":"2025-12-29T22:00:26+00:00","breadcrumb":{"@id":"https:\/\/www.asociacionigualar.org\/#breadcrumb"},"inLanguage":"es","potentialAction":[{"@type":"ReadAction","target":["https:\/\/www.asociacionigualar.org\/"]}]},{"@type":"ImageObject","inLanguage":"es","@id":"https:\/\/www.asociacionigualar.org\/#primaryimage","url":"https:\/\/www.asociacionigualar.org\/wp-content\/uploads\/2017\/02\/Logo_-vertical-3-e1495920243189.png","contentUrl":"https:\/\/www.asociacionigualar.org\/wp-content\/uploads\/2017\/02\/Logo_-vertical-3-e1495920243189.png","width":200,"height":300,"caption":"logo"},{"@type":"BreadcrumbList","@id":"https:\/\/www.asociacionigualar.org\/#breadcrumb","itemListElement":[{"@type":"ListItem","position":1,"name":"Portada","item":"https:\/\/www.asociacionigualar.org\/"},{"@type":"ListItem","position":2,"name":"P\u00e1gina de inicio"}]},{"@type":"WebSite","@id":"https:\/\/www.asociacionigualar.org\/#website","url":"https:\/\/www.asociacionigualar.org\/","name":"Asociaci\u00f3n Igualar","description":"Ocio para todos","potentialAction":[{"@type":"SearchAction","target":{"@type":"EntryPoint","urlTemplate":"https:\/\/www.asociacionigualar.org\/?s={search_term_string}"},"query-input":{"@type":"PropertyValueSpecification","valueRequired":true,"valueName":"search_term_string"}}],"inLanguage":"es"}]}},"jetpack_sharing_enabled":true,"jetpack_shortlink":"https:\/\/wp.me\/P8oT1p-a","jetpack_likes_enabled":false,"_links":{"self":[{"href":"https:\/\/www.asociacionigualar.org\/index.php\/wp-json\/wp\/v2\/pages\/10","targetHints":{"allow":["GET"]}}],"collection":[{"href":"https:\/\/www.asociacionigualar.org\/index.php\/wp-json\/wp\/v2\/pages"}],"about":[{"href":"https:\/\/www.asociacionigualar.org\/index.php\/wp-json\/wp\/v2\/types\/page"}],"author":[{"embeddable":true,"href":"https:\/\/www.asociacionigualar.org\/index.php\/wp-json\/wp\/v2\/users\/1"}],"replies":[{"embeddable":true,"href":"https:\/\/www.asociacionigualar.org\/index.php\/wp-json\/wp\/v2\/comments?post=10"}],"version-history":[{"count":121,"href":"https:\/\/www.asociacionigualar.org\/index.php\/wp-json\/wp\/v2\/pages\/10\/revisions"}],"predecessor-version":[{"id":4405,"href":"https:\/\/www.asociacionigualar.org\/index.php\/wp-json\/wp\/v2\/pages\/10\/revisions\/4405"}],"wp:attachment":[{"href":"https:\/\/www.asociacionigualar.org\/index.php\/wp-json\/wp\/v2\/media?parent=10"}],"curies":[{"name":"wp","href":"https:\/\/api.w.org\/{rel}","templated":true}]}}