{"id":172,"date":"2016-04-19T15:37:50","date_gmt":"2016-04-19T15:37:50","guid":{"rendered":"http:\/\/www.asociacionigualar.org\/?page_id=172"},"modified":"2022-02-02T19:18:53","modified_gmt":"2022-02-02T18:18:53","slug":"voluntariado","status":"publish","type":"page","link":"https:\/\/www.asociacionigualar.org\/index.php\/formas-de-colaborar\/voluntariado\/","title":{"rendered":"Voluntariado"},"content":{"rendered":"<p style=\"text-align: justify;\">Los voluntarios son el alma de <strong>IGUALAR<\/strong>, ya que su trabajo desinteresado est\u00e1 detr\u00e1s de cada proyecto de la asociaci\u00f3n.<\/p>\n<p style=\"text-align: justify;\">IGUALAR plantea el voluntariado como una manera divertida de ayudar a los dem\u00e1s. Se apuesta por un aprendizaje pr\u00e1ctico en ocio y discapacidad por definir claramente las tareas de cada voluntario y por un compromiso lleno de grandes experiencias y momentos inolvidables.<\/p>\n<p style=\"text-align: justify;\">El voluntariado, como todo en <strong>IGUALAR<\/strong>, es inclusivo. Todos podemos aportar tiempo, ilusi\u00f3n o experiencia para enriquecer los proyectos de la asociaci\u00f3n. Si quieres unirte a nosotros solo tienes que enviarnos tu solicitud a nuestro correo electr\u00f3nico.<\/p>\n<p style=\"text-align: justify;\">Correo electr\u00f3nico: voluntariado.igualar@gmail.com<\/p>\n<figure id=\"attachment_609\" aria-describedby=\"caption-attachment-609\" style=\"width: 500px\" class=\"wp-caption aligncenter\"><a href=\"https:\/\/www.asociacionigualar.org\/a-todas-las-personas-con-discapacidad\/\"><img fetchpriority=\"high\" decoding=\"async\" id=\"longdesc-return-609\" class=\"wp-image-609\" tabindex=\"-1\" src=\"https:\/\/www.asociacionigualar.org\/wp-content\/uploads\/2017\/02\/A-todas-las-personas-con-discapacidad-1024x768.jpg\" alt=\"varias discapacidades\" width=\"500\" height=\"375\" longdesc=\"https:\/\/www.asociacionigualar.org?longdesc=609&amp;referrer=172\" \/><\/a><figcaption id=\"caption-attachment-609\" class=\"wp-caption-text\">Un grupo con varias discapacidades en Alcal\u00e1 de Henares.<\/figcaption><\/figure>\n<p>&nbsp;<\/p>\n<p>&nbsp;<\/p>\n<p>&nbsp;<\/p>\n","protected":false},"excerpt":{"rendered":"<p>Los voluntarios son el alma de IGUALAR, ya que su trabajo desinteresado est\u00e1 detr\u00e1s de cada proyecto de la asociaci\u00f3n. IGUALAR plantea el voluntariado como una manera divertida de ayudar a los dem\u00e1s. Se apuesta por un aprendizaje pr\u00e1ctico en ocio y discapacidad por definir claramente las tareas de cada voluntario y por un compromiso &hellip; <a href=\"https:\/\/www.asociacionigualar.org\/index.php\/formas-de-colaborar\/voluntariado\/\" class=\"more-link\">Continuar leyendo<span class=\"screen-reader-text\"> \u00abVoluntariado\u00bb<\/span><\/a><\/p>\n","protected":false},"author":1,"featured_media":0,"parent":728,"menu_order":0,"comment_status":"closed","ping_status":"closed","template":"","meta":{"jetpack_post_was_ever_published":false,"_mc_calendar":[],"footnotes":""},"class_list":["post-172","page","type-page","status-publish","hentry"],"yoast_head":"<!-- This site is optimized with the Yoast SEO plugin v27.4 - https:\/\/yoast.com\/product\/yoast-seo-wordpress\/ -->\n<title>Voluntariado - Asociaci\u00f3n Igualar<\/title>\n<meta name=\"robots\" content=\"index, follow, max-snippet:-1, max-image-preview:large, max-video-preview:-1\" \/>\n<link rel=\"canonical\" href=\"https:\/\/www.asociacionigualar.org\/index.php\/formas-de-colaborar\/voluntariado\/\" \/>\n<meta property=\"og:locale\" content=\"es_ES\" \/>\n<meta property=\"og:type\" content=\"article\" \/>\n<meta property=\"og:title\" content=\"Voluntariado - Asociaci\u00f3n Igualar\" \/>\n<meta property=\"og:description\" content=\"Los voluntarios son el alma de IGUALAR, ya que su trabajo desinteresado est\u00e1 detr\u00e1s de cada proyecto de la asociaci\u00f3n. IGUALAR plantea el voluntariado como una manera divertida de ayudar a los dem\u00e1s. Se apuesta por un aprendizaje pr\u00e1ctico en ocio y discapacidad por definir claramente las tareas de cada voluntario y por un compromiso &hellip; Continuar leyendo &quot;Voluntariado&quot;\" \/>\n<meta property=\"og:url\" content=\"https:\/\/www.asociacionigualar.org\/index.php\/formas-de-colaborar\/voluntariado\/\" \/>\n<meta property=\"og:site_name\" content=\"Asociaci\u00f3n Igualar\" \/>\n<meta property=\"article:modified_time\" content=\"2022-02-02T18:18:53+00:00\" \/>\n<meta property=\"og:image\" content=\"http:\/\/www.asociacionigualar.org\/wp-content\/uploads\/2017\/02\/A-todas-las-personas-con-discapacidad-1024x768.jpg\" \/>\n<meta name=\"twitter:card\" content=\"summary_large_image\" \/>\n<meta name=\"twitter:label1\" content=\"Tiempo de lectura\" \/>\n\t<meta name=\"twitter:data1\" content=\"1 minuto\" \/>\n<script type=\"application\/ld+json\" class=\"yoast-schema-graph\">{\"@context\":\"https:\\\/\\\/schema.org\",\"@graph\":[{\"@type\":\"WebPage\",\"@id\":\"https:\\\/\\\/www.asociacionigualar.org\\\/index.php\\\/formas-de-colaborar\\\/voluntariado\\\/\",\"url\":\"https:\\\/\\\/www.asociacionigualar.org\\\/index.php\\\/formas-de-colaborar\\\/voluntariado\\\/\",\"name\":\"Voluntariado - Asociaci\u00f3n Igualar\",\"isPartOf\":{\"@id\":\"https:\\\/\\\/www.asociacionigualar.org\\\/#website\"},\"primaryImageOfPage\":{\"@id\":\"https:\\\/\\\/www.asociacionigualar.org\\\/index.php\\\/formas-de-colaborar\\\/voluntariado\\\/#primaryimage\"},\"image\":{\"@id\":\"https:\\\/\\\/www.asociacionigualar.org\\\/index.php\\\/formas-de-colaborar\\\/voluntariado\\\/#primaryimage\"},\"thumbnailUrl\":\"http:\\\/\\\/www.asociacionigualar.org\\\/wp-content\\\/uploads\\\/2017\\\/02\\\/A-todas-las-personas-con-discapacidad-1024x768.jpg\",\"datePublished\":\"2016-04-19T15:37:50+00:00\",\"dateModified\":\"2022-02-02T18:18:53+00:00\",\"breadcrumb\":{\"@id\":\"https:\\\/\\\/www.asociacionigualar.org\\\/index.php\\\/formas-de-colaborar\\\/voluntariado\\\/#breadcrumb\"},\"inLanguage\":\"es\",\"potentialAction\":[{\"@type\":\"ReadAction\",\"target\":[\"https:\\\/\\\/www.asociacionigualar.org\\\/index.php\\\/formas-de-colaborar\\\/voluntariado\\\/\"]}]},{\"@type\":\"ImageObject\",\"inLanguage\":\"es\",\"@id\":\"https:\\\/\\\/www.asociacionigualar.org\\\/index.php\\\/formas-de-colaborar\\\/voluntariado\\\/#primaryimage\",\"url\":\"http:\\\/\\\/www.asociacionigualar.org\\\/wp-content\\\/uploads\\\/2017\\\/02\\\/A-todas-las-personas-con-discapacidad-1024x768.jpg\",\"contentUrl\":\"http:\\\/\\\/www.asociacionigualar.org\\\/wp-content\\\/uploads\\\/2017\\\/02\\\/A-todas-las-personas-con-discapacidad-1024x768.jpg\"},{\"@type\":\"BreadcrumbList\",\"@id\":\"https:\\\/\\\/www.asociacionigualar.org\\\/index.php\\\/formas-de-colaborar\\\/voluntariado\\\/#breadcrumb\",\"itemListElement\":[{\"@type\":\"ListItem\",\"position\":1,\"name\":\"Portada\",\"item\":\"https:\\\/\\\/www.asociacionigualar.org\\\/\"},{\"@type\":\"ListItem\",\"position\":2,\"name\":\"Formas de colaborar\",\"item\":\"https:\\\/\\\/www.asociacionigualar.org\\\/index.php\\\/formas-de-colaborar\\\/\"},{\"@type\":\"ListItem\",\"position\":3,\"name\":\"Voluntariado\"}]},{\"@type\":\"WebSite\",\"@id\":\"https:\\\/\\\/www.asociacionigualar.org\\\/#website\",\"url\":\"https:\\\/\\\/www.asociacionigualar.org\\\/\",\"name\":\"Asociaci\u00f3n Igualar\",\"description\":\"Ocio para todos\",\"potentialAction\":[{\"@type\":\"SearchAction\",\"target\":{\"@type\":\"EntryPoint\",\"urlTemplate\":\"https:\\\/\\\/www.asociacionigualar.org\\\/?s={search_term_string}\"},\"query-input\":{\"@type\":\"PropertyValueSpecification\",\"valueRequired\":true,\"valueName\":\"search_term_string\"}}],\"inLanguage\":\"es\"}]}<\/script>\n<!-- \/ Yoast SEO plugin. -->","yoast_head_json":{"title":"Voluntariado - Asociaci\u00f3n Igualar","robots":{"index":"index","follow":"follow","max-snippet":"max-snippet:-1","max-image-preview":"max-image-preview:large","max-video-preview":"max-video-preview:-1"},"canonical":"https:\/\/www.asociacionigualar.org\/index.php\/formas-de-colaborar\/voluntariado\/","og_locale":"es_ES","og_type":"article","og_title":"Voluntariado - Asociaci\u00f3n Igualar","og_description":"Los voluntarios son el alma de IGUALAR, ya que su trabajo desinteresado est\u00e1 detr\u00e1s de cada proyecto de la asociaci\u00f3n. IGUALAR plantea el voluntariado como una manera divertida de ayudar a los dem\u00e1s. Se apuesta por un aprendizaje pr\u00e1ctico en ocio y discapacidad por definir claramente las tareas de cada voluntario y por un compromiso &hellip; Continuar leyendo \"Voluntariado\"","og_url":"https:\/\/www.asociacionigualar.org\/index.php\/formas-de-colaborar\/voluntariado\/","og_site_name":"Asociaci\u00f3n Igualar","article_modified_time":"2022-02-02T18:18:53+00:00","og_image":[{"url":"http:\/\/www.asociacionigualar.org\/wp-content\/uploads\/2017\/02\/A-todas-las-personas-con-discapacidad-1024x768.jpg","type":"","width":"","height":""}],"twitter_card":"summary_large_image","twitter_misc":{"Tiempo de lectura":"1 minuto"},"schema":{"@context":"https:\/\/schema.org","@graph":[{"@type":"WebPage","@id":"https:\/\/www.asociacionigualar.org\/index.php\/formas-de-colaborar\/voluntariado\/","url":"https:\/\/www.asociacionigualar.org\/index.php\/formas-de-colaborar\/voluntariado\/","name":"Voluntariado - Asociaci\u00f3n Igualar","isPartOf":{"@id":"https:\/\/www.asociacionigualar.org\/#website"},"primaryImageOfPage":{"@id":"https:\/\/www.asociacionigualar.org\/index.php\/formas-de-colaborar\/voluntariado\/#primaryimage"},"image":{"@id":"https:\/\/www.asociacionigualar.org\/index.php\/formas-de-colaborar\/voluntariado\/#primaryimage"},"thumbnailUrl":"http:\/\/www.asociacionigualar.org\/wp-content\/uploads\/2017\/02\/A-todas-las-personas-con-discapacidad-1024x768.jpg","datePublished":"2016-04-19T15:37:50+00:00","dateModified":"2022-02-02T18:18:53+00:00","breadcrumb":{"@id":"https:\/\/www.asociacionigualar.org\/index.php\/formas-de-colaborar\/voluntariado\/#breadcrumb"},"inLanguage":"es","potentialAction":[{"@type":"ReadAction","target":["https:\/\/www.asociacionigualar.org\/index.php\/formas-de-colaborar\/voluntariado\/"]}]},{"@type":"ImageObject","inLanguage":"es","@id":"https:\/\/www.asociacionigualar.org\/index.php\/formas-de-colaborar\/voluntariado\/#primaryimage","url":"http:\/\/www.asociacionigualar.org\/wp-content\/uploads\/2017\/02\/A-todas-las-personas-con-discapacidad-1024x768.jpg","contentUrl":"http:\/\/www.asociacionigualar.org\/wp-content\/uploads\/2017\/02\/A-todas-las-personas-con-discapacidad-1024x768.jpg"},{"@type":"BreadcrumbList","@id":"https:\/\/www.asociacionigualar.org\/index.php\/formas-de-colaborar\/voluntariado\/#breadcrumb","itemListElement":[{"@type":"ListItem","position":1,"name":"Portada","item":"https:\/\/www.asociacionigualar.org\/"},{"@type":"ListItem","position":2,"name":"Formas de colaborar","item":"https:\/\/www.asociacionigualar.org\/index.php\/formas-de-colaborar\/"},{"@type":"ListItem","position":3,"name":"Voluntariado"}]},{"@type":"WebSite","@id":"https:\/\/www.asociacionigualar.org\/#website","url":"https:\/\/www.asociacionigualar.org\/","name":"Asociaci\u00f3n Igualar","description":"Ocio para todos","potentialAction":[{"@type":"SearchAction","target":{"@type":"EntryPoint","urlTemplate":"https:\/\/www.asociacionigualar.org\/?s={search_term_string}"},"query-input":{"@type":"PropertyValueSpecification","valueRequired":true,"valueName":"search_term_string"}}],"inLanguage":"es"}]}},"jetpack_sharing_enabled":true,"jetpack_shortlink":"https:\/\/wp.me\/P8oT1p-2M","jetpack_likes_enabled":false,"_links":{"self":[{"href":"https:\/\/www.asociacionigualar.org\/index.php\/wp-json\/wp\/v2\/pages\/172","targetHints":{"allow":["GET"]}}],"collection":[{"href":"https:\/\/www.asociacionigualar.org\/index.php\/wp-json\/wp\/v2\/pages"}],"about":[{"href":"https:\/\/www.asociacionigualar.org\/index.php\/wp-json\/wp\/v2\/types\/page"}],"author":[{"embeddable":true,"href":"https:\/\/www.asociacionigualar.org\/index.php\/wp-json\/wp\/v2\/users\/1"}],"replies":[{"embeddable":true,"href":"https:\/\/www.asociacionigualar.org\/index.php\/wp-json\/wp\/v2\/comments?post=172"}],"version-history":[{"count":13,"href":"https:\/\/www.asociacionigualar.org\/index.php\/wp-json\/wp\/v2\/pages\/172\/revisions"}],"predecessor-version":[{"id":2591,"href":"https:\/\/www.asociacionigualar.org\/index.php\/wp-json\/wp\/v2\/pages\/172\/revisions\/2591"}],"up":[{"embeddable":true,"href":"https:\/\/www.asociacionigualar.org\/index.php\/wp-json\/wp\/v2\/pages\/728"}],"wp:attachment":[{"href":"https:\/\/www.asociacionigualar.org\/index.php\/wp-json\/wp\/v2\/media?parent=172"}],"curies":[{"name":"wp","href":"https:\/\/api.w.org\/{rel}","templated":true}]}}